{"id":64,"date":"2016-10-22T20:50:26","date_gmt":"2016-10-22T18:50:26","guid":{"rendered":"http:\/\/www.islaminstitut.de\/?page_id=64"},"modified":"2025-04-02T11:37:57","modified_gmt":"2025-04-02T09:37:57","slug":"faq-fragen-zum-institut-fuer-islamfragen","status":"publish","type":"page","link":"https:\/\/www.islaminstitut.de\/en\/faq-fragen-zum-institut-fuer-islamfragen\/","title":{"rendered":"FAQ"},"content":{"rendered":"<p><\/p>\n<h2>Fragen zum Institut f\u00fcr Islamfragen<\/h2>\n<div class=\"quoteBox-faq\"><input id=\"quote1\" name=\"quote1\" type=\"checkbox\" \/><br \/>\n<label class=\"open\" for=\"quote1\"><strong>Wie finanziert sich das Institut f\u00fcr Islamfragen?<\/strong><\/label><br \/>\n<label class=\"close\" for=\"quote1\">Close box &#8230;<\/label><\/p>\n<div class=\"quote\">\n<p class=\"quote\">Das Institut finanziert sich aus Spenden von Freunden und F\u00f6rderern. Die Bankverbindungen lauten wie folgt:<\/p>\n<p class=\"quote\">Konto-Nummer: 400 33 81<br \/>\nBankleitzahl: 500 605 00<br \/>\nIBAN: DE22 5206 0410 0004 0033 81<br \/>\nBIC: GENODEF1EK1<br \/>\nEvangelische Kreditgenossenschaft Kassel Filiale Frankfurt<\/p>\n<p>(Die Spenden sind in Deutschland steuerlich bis zu 20 % abzugsf\u00e4hig.)<\/p>\n<p>Bei Fragen zur finanziellen Unterst\u00fctzung des Instituts wenden Sie sich bitte per eMail an folgende Adresse:\u00a0<a href=\"mailto:webmaster@islaminstitut.de\">webmaster@islaminstitut.de<\/a>.<\/p>\n<\/div>\n<\/div>\n<div class=\"quoteBox-faq\"><input id=\"quote2\" name=\"quote2\" type=\"checkbox\" \/><br \/>\n<label class=\"open\" for=\"quote2\"><strong>Wie kann ich die Pressemitteilungen des Instituts beziehen?<\/strong><\/label><br \/>\n<label class=\"close\" for=\"quote2\">Close box &#8230;<\/label><\/p>\n<div class=\"quote\">\n<p>Wenn Sie in den Verteiler f\u00fcr die Pressemeldungen aufgenommen werden m\u00f6chten, nutzen Sie bitte folgenden Link: <a title=\"IFI Pressemeldungen bestellen\" href=\"http:\/\/ethreemail.com\/e3ds\/s.php?g=09b69535\" target=\"_blank\" rel=\"noopener\">IFI-Pressemeldungen bestellen<\/a><\/p>\n<\/div>\n<\/div>\n<div class=\"quoteBox-faq\"><input id=\"quote3\" name=\"quote3\" type=\"checkbox\" \/><br \/>\n<label class=\"open\" for=\"quote3\"><strong>Wo kann ich die Zeitschrift des Instituts bestellen?<\/strong><\/label><br \/>\n<label class=\"close\" for=\"quote3\">Close box &#8230;<\/label><\/p>\n<div class=\"quote\">\n<p>Die Zeitschrift wird vom Verlag f\u00fcr Kultur\u00a0und Wissenschaft\u00a0(VKW) herausgegeben und kann hier\u00a0per E-Mail bestellt werden:\u00a0<a href=\"mailto:ifi-journal@islaminstitut.de\">ifi-journal@islaminstitut.de<\/a><\/p>\n<\/div>\n<\/div>\n<div class=\"quoteBox-faq\"><input id=\"quote4\" name=\"quote4\" type=\"checkbox\" \/><br \/>\n<label class=\"open\" for=\"quote4\"><strong>Zu unseren Nachrichten und unserer Fatwasammlung<\/strong><\/label><br \/>\n<label class=\"close\" for=\"quote4\">Close box &#8230;<\/label><\/p>\n<div class=\"quote\">\n<p>Unsere Nachrichten und unsere Fatwasammlung richten sich weder gegen einzelne Muslime, die unsere Mitb\u00fcrger, Gespr\u00e4chspartner und Freunde sind, noch will sie alle Muslime pauschal \u00fcber einen Kamm scheren.Wir geben vor allem Nachrichten und Fatwas und deren Erl\u00e4uterung weiter, die von arabischen und t\u00fcrkischen Internetseiten bzw. Medien stammen und von islamischen Theologen oder von Muslimen aus der Perspektive des islamischen Glaubens verfasst wurden.Wir bitten unsere Leser, grunds\u00e4tzlich die Sachlichkeit zu wahren und zwischen der Lehre und den Menschen zu unterscheiden, die dieser Lehre folgen.<\/p>\n<p>Respekt und Wohlwollen gegen\u00fcber Mitmenschen schlie\u00dfen jedoch nicht aus, sich auch kritisch mit Themen wie Recht, Gesellschaft, Politik oder bestimmten Interpretationen der Religion auseinanderzusetzen und Vergleiche zum christlichen Glauben zu ziehen. Die Kulturen islamischer L\u00e4nder zu achten, wertvolle Denkanst\u00f6\u00dfe zu \u00fcbernehmen und Bereicherung zu erfahren, verbietet nicht die kritische Bewertung anderer Aspekte.<\/p>\n<p>Dem Leser selbst bleibt die Beurteilung der Nachrichten \u00fcberlassen. Wir m\u00f6chten jedoch alle Nutzer unserer Seite bitten, im Sinne unseres Anliegens von Pauschalurteilen, Demagogie und Hetze Abstand zu nehmen.<\/p>\n<\/div>\n<\/div>\n<div class=\"quoteBox-faq\"><input id=\"quote5\" name=\"quote5\" type=\"checkbox\" \/><br \/>\n<label class=\"open\" for=\"quote5\"><strong>Erkl\u00e4rung<\/strong><\/label><br \/>\n<label class=\"close\" for=\"quote5\">Close box &#8230;<\/label><\/p>\n<div class=\"quote\">\n<p>Das Institut f\u00fcr Islamfragen vertritt uneingeschr\u00e4nkt die demokratischen Prinzipien der Toleranz und Meinungsvielfalt und lehnt jede Form von Extremismus, Fremdenfeindlichkeit, Rassismus sowie Diffamierung und Gewalt gegen ethnische, soziale oder religi\u00f6se Minderheiten ab. Die Mitarbeiter und Vorstandsmitglieder des Instituts sind dem christlichen Menschenbild verpflichtet, um alle Menschen in W\u00fcrde zu achten und treten deshalb f\u00fcr gegenseitigen Respekt, Fairness, Menschenrechte, uneingeschr\u00e4nkte Religions- und Meinungsfreiheit sowie kulturelle Vielfalt ein.Das Institut f\u00fcr Islamfragen arbeitet auf der Grundlage der Allgemeinen Erkl\u00e4rung der Menschenrechte (1948) und der Resolution f\u00fcr Religionsfreiheit der Weltweiten Evangelischen Allianz.Artikel 18 der Allgemeinen Erkl\u00e4rung der Menschenrechte lautet:<\/p>\n<blockquote><p>\u201eJedermann hat das Recht auf Gedanken-, Gewissens-, und Religionsfreiheit. Dieses Recht umfa\u00dft die Freiheit, seine Religion oder seine Weltanschauung zu wechseln, sowie die Freiheit, seine Religion oder seine Weltanschauung allein oder in Gemeinschaft mit anderen \u00f6ffentlich und privat durch Unterricht, Aus\u00fcbung, Gottesdienst und Beobachtung religi\u00f6ser Br\u00e4uche zu bekunden.\u201c<\/p><\/blockquote>\n<\/div>\n<\/div>\n<h2>Technische Fragen<\/h2>\n<div class=\"quoteBox-faq\"><input id=\"quote6\" name=\"quote6\" type=\"checkbox\" \/><br \/>\n<label class=\"open\" for=\"quote6\"><strong>Kann ich die News auch \u00fcber einen RSS-Client beziehen?<\/strong><\/label><br \/>\n<label class=\"close\" for=\"quote6\">Close box &#8230;<\/label><\/p>\n<div class=\"quote\">\n<p>Ja, gern k\u00f6nnen Sie unsere Meldungen als RSS-Feed einlesen. Die Adresse f\u00fcr das RSS-Format lautet: <a href=\"http:\/\/islaminstitut.de\/rss\/\" target=\"_blank\" rel=\"noopener\">http:\/\/islaminstitut.de\/rss\/<\/a><\/p>\n<\/div>\n<\/div>\n<div class=\"quoteBox-faq\"><input id=\"quote7\" name=\"quote7\" type=\"checkbox\" \/><br \/>\n<label class=\"open\" for=\"quote7\"><strong>Wie kann ich die Pressemitteilungen des Instituts beziehen?<\/strong><\/label><br \/>\n<label class=\"close\" for=\"quote7\">Close box &#8230;<\/label><\/p>\n<div class=\"quote\">\n<p>Wenn Sie in den Verteiler f\u00fcr die Pressemeldungen aufgenommen werden m\u00f6chten, nutzen Sie bitte folgenden Link:\u00a0<a title=\"IFI Pressemeldungen bestellen\" href=\"http:\/\/ethreemail.com\/e3ds\/s.php?g=09b69535\" target=\"_blank\" rel=\"noopener\">IFI-Pressemeldungen bestellen<\/a><\/p>\n<\/div>\n<\/div>\n<h2>Fragen zum Islam<\/h2>\n<div class=\"quoteBox-faq\"><input id=\"quote8\" name=\"quote8\" type=\"checkbox\" \/><br \/>\n<label class=\"open\" for=\"quote8\"><strong>Was ist eine Fatwa (Rechtsgutachten)?<\/strong><\/label><br \/>\n<label class=\"close\" for=\"quote8\">Close box &#8230;<\/label><\/p>\n<div class=\"quote\">\n<p>Fatwas (oder eigentlich im Plural: Fatawa) sind Rechtsgutachten islamischer Gelehrter. Diese Gelehrten erl\u00e4utern durch eine schriftliche Beurteilung einer bestimmten Frage des islamischen Rechts ihre pers\u00f6nliche Einsch\u00e4tzung. Fatwas werden in eigener Sache oder im Auftrag einer Institution oder eines Herrschers erlassen.Die von uns dokumentierten Fatawa (Rechtsgutachten islamischer Gelehrter) wurden weder vom Institut f\u00fcr Islamfragen in Auftrag gegeben noch vom Institut erstellt, sondern wurden vom Institut lediglich aus islamischen Quellen gesammelt und ins Deutsche \u00fcbersetzt.<\/p>\n<p>Der Leser der von uns dokumentierten Fatawa ist darauf hinzuweisen, da\u00df die Fatawa f\u00fcr sunnitische Muslime grunds\u00e4tzlich nicht rechtsverbindlich sind. Es steht muslimischen Sunniten frei, sich nach Fatawa zu richten oder dies zu unterlassen.<\/p>\n<p>Wenn Sie mehr \u00fcber Fatwa wissen m\u00f6chten, empfehlen wir Ihnen den einf\u00fchrenden Artikel\u00a0<a href=\"http:\/\/www.islaminstitut.de\/?p=77\">Was ist eine Fatwa?<\/a>.<\/p>\n<\/div>\n<\/div>\n<p><\/p>","protected":false},"excerpt":{"rendered":"<p>Fragen zum Institut f\u00fcr Islamfragen Wie finanziert sich das Institut f\u00fcr Islamfragen? Close box &#8230; Das Institut finanziert sich aus Spenden von Freunden und F\u00f6rderern. Die Bankverbindungen lauten wie folgt: Konto-Nummer: 400 33 81 Bankleitzahl: 500 605 00 IBAN: DE22 5206 0410 0004 0033 81 BIC: GENODEF1EK1 Evangelische Kreditgenossenschaft Kassel Filiale Frankfurt (Die Spenden sind&hellip;<\/p>\n","protected":false},"author":1,"featured_media":0,"parent":0,"menu_order":1,"comment_status":"closed","ping_status":"closed","template":"","meta":{"footnotes":""},"class_list":["post-64","page","type-page","status-publish","hentry"],"_links":{"self":[{"href":"https:\/\/www.islaminstitut.de\/en\/wp-json\/wp\/v2\/pages\/64","targetHints":{"allow":["GET"]}}],"collection":[{"href":"https:\/\/www.islaminstitut.de\/en\/wp-json\/wp\/v2\/pages"}],"about":[{"href":"https:\/\/www.islaminstitut.de\/en\/wp-json\/wp\/v2\/types\/page"}],"author":[{"embeddable":true,"href":"https:\/\/www.islaminstitut.de\/en\/wp-json\/wp\/v2\/users\/1"}],"replies":[{"embeddable":true,"href":"https:\/\/www.islaminstitut.de\/en\/wp-json\/wp\/v2\/comments?post=64"}],"version-history":[{"count":35,"href":"https:\/\/www.islaminstitut.de\/en\/wp-json\/wp\/v2\/pages\/64\/revisions"}],"predecessor-version":[{"id":1110904,"href":"https:\/\/www.islaminstitut.de\/en\/wp-json\/wp\/v2\/pages\/64\/revisions\/1110904"}],"wp:attachment":[{"href":"https:\/\/www.islaminstitut.de\/en\/wp-json\/wp\/v2\/media?parent=64"}],"curies":[{"name":"wp","href":"https:\/\/api.w.org\/{rel}","templated":true}]}}